{"id":5254,"date":"2023-12-28T12:43:23","date_gmt":"2023-12-28T11:43:23","guid":{"rendered":"https:\/\/www.findyourcorals.de\/?post_type=product&#038;p=5254"},"modified":"2024-11-15T17:21:04","modified_gmt":"2024-11-15T16:21:04","slug":"aquaforest-reef-salt-25-kg-sack","status":"publish","type":"product","link":"https:\/\/www.findyourcorals.de\/?product=aquaforest-reef-salt-25-kg-sack","title":{"rendered":"Aquaforest Reef Salt 25 kg Sack Meerwasser Aquarium Salz ABHOLUNG"},"content":{"rendered":"<h2 class=\"fusion-responsive-typography-calculated\" data-fontsize=\"22\" data-lineheight=\"27.5px\">Premium-Meersalz f\u00fcr SPS- und LPS-Korallen<\/h2>\n<p>Vollsynthetisches Meersalz f\u00fcr Aquakulturkorallen.\u00a0Diese Formel soll die besten Bedingungen f\u00fcr Meerestiere schaffen.\u00a0Die Mikron\u00e4hrstoffe und Makron\u00e4hrstoffe im Aquaforest Reef Salt erf\u00fcllen den Bedarf der Korallen an richtigem Wachstum und Pigmentierung.\u00a0Nach dem Aufl\u00f6sen des Salzes ist Ihr frisch zubereitetes Meerwasser sofort einsatzbereit.\u00a0Die Salzmischung ist mit Aminos\u00e4uren und Vitamin C angereichert. Der Zusatz von Vitamin C f\u00f6rdert das Wachstum und hat positive Auswirkungen auf die allgemeine Gesundheit aller Aquarienbewohner.<\/p>\n<h2 class=\"fusion-responsive-typography-calculated\" data-fontsize=\"22\" data-lineheight=\"27.5px\">Einfache Zubereitung und sofortige Verwendung von frisch aufbereitetem Meerwasser<\/h2>\n<p><strong>Zubereitung:<\/strong>\u00a0L\u00f6sen Sie das Salz in zuvor zubereitetem demineralisiertem Wasser auf.\u00a0Die Wassertemperatur sollte etwa 24 \u00b0C (75 \u00b0F) betragen.\u00a0F\u00fcr einen Salzgehalt von 33 ppt (1,025 SG) l\u00f6sen Sie etwa 390 g (13,75 oz.) in 10 l (2,7 US gal) Wasser.\u00a0R\u00fchren Sie die L\u00f6sung etwa 15 Minuten lang kr\u00e4ftig um.\u00a0Sobald sich das Salz vollst\u00e4ndig aufgel\u00f6st hat und die L\u00f6sung klar ist, ist das Salzwasser gebrauchsfertig.\u00a0Bewahren Sie das Salz an einem trockenen und dunklen Ort auf.\u00a0Nach dem Aufl\u00f6sen das Salz innerhalb von 5 Tagen verbrauchen.\u00a0Verdunstung kann die Wasserparameter ver\u00e4ndern. Bewahren Sie daher frisch gemischtes Salzwasser in einem verschlossenen Beh\u00e4lter auf, wenn Sie es nicht sofort verwenden.\u00a0Sie sollten den Salzgehalt Ihres Salzwassers vor der Verwendung noch einmal \u00fcberpr\u00fcfen, wenn Sie es mehrere Tage lagern.\u00a0Dieses Produkt ist nur f\u00fcr den Aquariengebrauch bestimmt.\u00a0Nicht f\u00fcr den menschlichen Verzehr geeignet.\u00a0Von Kindern fernhalten.\u00a0Sicherheitsdatenblatt auf Anfrage erh\u00e4ltlich.<\/p>\n<h2 class=\"fusion-responsive-typography-calculated\" data-fontsize=\"22\" data-lineheight=\"27.5px\">Optimaler Salzgehalt f\u00fcr verschiedene Aquarientypen<\/h2>\n<p>Chemische Zusammensetzung:<br \/>\n24\u00b0C \/ 75.2\u00b0F<br \/>\nCl &#8211; 19000-19500 mg\/l<br \/>\nNa &#8211; 9720-11880 mg\/l<br \/>\nMg &#8211; 1300-1360 mg\/l<br \/>\nS &#8211; 810-990 mg\/l<br \/>\nCa &#8211; 410-430 mg\/l<br \/>\nK &#8211; 360-380 mg\/l<br \/>\nB &#8211; 4,05 &#8211; 5,0 mg\/l<br \/>\nSr &#8211; 7,2-8,8 mg\/l<br \/>\ndKH &#8211; 7,4-8,2<br \/>\npH &#8211; 8,0-8,2<\/p>\n<p>&nbsp;<\/p>\n","protected":false},"excerpt":{"rendered":"<p>Premium-Meersalz f\u00fcr SPS- und LPS-Korallen Vollsynthetisches Meersalz f\u00fcr Aquakulturkorallen.\u00a0Diese Formel soll die besten Bedingungen f\u00fcr Meerestiere schaffen.\u00a0Die Mikron\u00e4hrstoffe und Makron\u00e4hrstoffe im Aquaforest Reef Salt erf\u00fcllen den Bedarf der Korallen an richtigem Wachstum und Pigmentierung.\u00a0Nach dem Aufl\u00f6sen des Salzes ist Ihr frisch zubereitetes Meerwasser sofort einsatzbereit.\u00a0Die Salzmischung ist mit Aminos\u00e4uren und Vitamin C angereichert. Der Zusatz [&#8230;]\n","protected":false},"featured_media":5261,"comment_status":"open","ping_status":"closed","template":"","meta":[],"product_brand":[],"product_cat":[132,136,142,172],"product_tag":[],"class_list":{"0":"post-5254","1":"product","2":"type-product","3":"status-publish","4":"has-post-thumbnail","6":"product_cat-produkte","7":"product_cat-spurenelemente","8":"product_cat-aqua-forest","9":"product_cat-angebot-produkte","10":"product_shipping_class-nur-abholung","12":"first","13":"outofstock","14":"sale","15":"taxable","16":"shipping-taxable","17":"purchasable","18":"product-type-simple"},"jetpack_sharing_enabled":true,"_links":{"self":[{"href":"https:\/\/www.findyourcorals.de\/index.php?rest_route=\/wp\/v2\/product\/5254","targetHints":{"allow":["GET"]}}],"collection":[{"href":"https:\/\/www.findyourcorals.de\/index.php?rest_route=\/wp\/v2\/product"}],"about":[{"href":"https:\/\/www.findyourcorals.de\/index.php?rest_route=\/wp\/v2\/types\/product"}],"replies":[{"embeddable":true,"href":"https:\/\/www.findyourcorals.de\/index.php?rest_route=%2Fwp%2Fv2%2Fcomments&post=5254"}],"version-history":[{"count":6,"href":"https:\/\/www.findyourcorals.de\/index.php?rest_route=\/wp\/v2\/product\/5254\/revisions"}],"predecessor-version":[{"id":5838,"href":"https:\/\/www.findyourcorals.de\/index.php?rest_route=\/wp\/v2\/product\/5254\/revisions\/5838"}],"wp:featuredmedia":[{"embeddable":true,"href":"https:\/\/www.findyourcorals.de\/index.php?rest_route=\/wp\/v2\/media\/5261"}],"wp:attachment":[{"href":"https:\/\/www.findyourcorals.de\/index.php?rest_route=%2Fwp%2Fv2%2Fmedia&parent=5254"}],"wp:term":[{"taxonomy":"product_brand","embeddable":true,"href":"https:\/\/www.findyourcorals.de\/index.php?rest_route=%2Fwp%2Fv2%2Fproduct_brand&post=5254"},{"taxonomy":"product_cat","embeddable":true,"href":"https:\/\/www.findyourcorals.de\/index.php?rest_route=%2Fwp%2Fv2%2Fproduct_cat&post=5254"},{"taxonomy":"product_tag","embeddable":true,"href":"https:\/\/www.findyourcorals.de\/index.php?rest_route=%2Fwp%2Fv2%2Fproduct_tag&post=5254"}],"curies":[{"name":"wp","href":"https:\/\/api.w.org\/{rel}","templated":true}]}}