{"id":269,"date":"2019-08-05T14:14:47","date_gmt":"2019-08-05T12:14:47","guid":{"rendered":"https:\/\/www.findyourcorals.de\/impressum\/"},"modified":"2021-11-03T18:52:42","modified_gmt":"2021-11-03T17:52:42","slug":"impressum","status":"publish","type":"page","link":"https:\/\/www.findyourcorals.de\/?page_id=269","title":{"rendered":"IMPRESSUM"},"content":{"rendered":"\n\n  <div class=\"banner has-hover\" id=\"banner-1281279118\">\n          <div class=\"banner-inner fill\">\n        <div class=\"banner-bg fill\" >\n            <div class=\"bg fill bg-fill \"><\/div>\n                        <div class=\"overlay\"><\/div>            \n                    <\/div>\n\t\t\n        <div class=\"banner-layers container\">\n            <div class=\"fill banner-link\"><\/div>            \n\n   <div id=\"text-box-1309016647\" class=\"text-box banner-layer x5 md-x5 lg-x5 y50 md-y50 lg-y50 res-text\">\n                                <div class=\"text-box-content text dark\">\n              \n              <div class=\"text-inner text-left\">\n                  \n\n<h2 class=\"uppercase\"><strong>IMPRESSUM<\/strong><\/h2>\n<p>\u00a0<\/p>\n\n              <\/div>\n           <\/div>\n                            \n<style>\n#text-box-1309016647 {\n  width: 60%;\n}\n#text-box-1309016647 .text-box-content {\n  font-size: 100%;\n}\n@media (min-width:550px) {\n  #text-box-1309016647 {\n    width: 40%;\n  }\n}\n<\/style>\n    <\/div>\n \n\n        <\/div>\n      <\/div>\n\n            \n<style>\n#banner-1281279118 {\n  padding-top: 300px;\n}\n#banner-1281279118 .bg.bg-loaded {\n  background-image: url(https:\/\/www.findyourcorals.de\/wp-content\/uploads\/2019\/08\/SHOP-0013.jpg);\n}\n#banner-1281279118 .overlay {\n  background-color: rgba(0, 0, 0, 0.31);\n}\n<\/style>\n  <\/div>\n\n\n<div class=\"row row-large\"  id=\"row-55366782\">\n\n\n\t<div id=\"col-254471409\" class=\"col small-12 large-12\"  >\n\t\t\t\t<div class=\"col-inner\"  >\n\t\t\t\n\t\t\t\n\n<p>Angaben gem\u00e4\u00df \u00a7 5 TMG:<\/p>\n<p>Erwin Schuster<br \/>FINDYOURCORAL<br \/>Lechfeldstr. 1<br \/>86916 Kaufering<\/p>\n<p>Kontakt:<br \/>Telefon: 0 81 91 &#8211; 921 906<br \/>Telefax: 0 81 91 &#8211; 3318735<br \/>E-Mail: info@findyourcoral.de<\/p>\n<p>Umsatzsteuer:<br \/>Umsatzsteuer-Identifikationsnummer gem\u00e4\u00df \u00a727 a Umsatzsteuergesetz:<br \/>DE305447262<\/p>\n<p>Streitschlichtung<br \/>Die Europ\u00e4ische Kommission stellt eine Plattform zur Online-Streitbeilegung (OS) bereit: <a href=\"https:\/\/ec.europa.eu\/consumers\/odr\">https:\/\/ec.europa.eu\/consumers\/odr<\/a> Unsere E-Mail-Adresse finden Sie oben im Impressum.<\/p>\n<p>Wir sind nicht bereit oder verpflichtet, an Streitbeilegungsverfahren vor einer Verbraucherschlichtungsstelle teilzunehmen.<\/p>\n<p>\u00a0<\/p>\n<div class=\"ce_text first block\">\n<p>Quelle: <em><a href=\"https:\/\/www.e-recht24.de\/impressum-generator.html\">https:\/\/www.e-recht24.de<\/a><\/em><\/p>\n<p><br \/><span class=\"file-view__info-value\"><strong>Bildnachweise<\/strong><br \/>\u00a9 Fotolia.de \/ \u00a9istock.com \/ \u00a9depositphotos.com \/ \u00a9shutterstock.com \/ \u00a9findyourdesign.de<br \/>\u00a9 harmonia101, \u00a9 svedoliver, \u00a9 PhanuwatNandee, \u00a9 mexrix, <br \/>\u00a9 Vojce, \u00a9 geniuslady,\u00a0 \u00a9 wrangel, \u00a9 YAYImages, \u00a9 stephstarr9363, \u00a9 lifeonwhite, \u00a9 Marsevis, \u00a9 feather0510 , \u00a9 yulia-zl18, \u00a9 feather0510, \u00a9 Vlad61, <br \/>\u00a9 fivespots, \u00a9 orlandin, \u00a9 suwatsir, \u00a9 civic_dm, \u00a9 arievdwolde, \u00a9 yuliang11, \u00a9 johnanderson<\/span><\/p>\n<p>\u00a0<\/p>\n<div class=\"ce_text block\">\n<h3>GESTALTUNG &amp; UMSETZUNG<\/h3>\n<div id=\"wrapper\">\n<div id=\"container\">\n<section id=\"main\">\n<div class=\"inside\">\n<div id=\"imprint\" class=\"mod_article first last block\">\n<div class=\"ce_text first block\">\n<div class=\"ce_text first block\">\n<div class=\"ce_text block\">\n<p>FINDYOURDESIGN &#8211; WERBEAGENTUR\u2028<br \/>Nadine Freitag\u2028<br \/>Lechfeldstr. 1 <br \/>86916 Kaufering<br \/>fon. +49 (0) 81 91 &#8211; 40 16 777<br \/>\u2028mobil. +49 (0) 151 &#8211; 12 79 21 05<\/p>\n<p>mail <a href=\"mailto:info@findyourdesign.de\">info@findyourdesign.de<\/a>\u2028<br \/>web <a href=\"http:\/\/www.findyourdesign.de\/\" target=\"_blank\" rel=\"noopener\">www.findyourdesign.de\u2028<\/a><\/p>\n<\/div>\n<\/div>\n<\/div>\n<div class=\"ce_text last block\">\n<h1>Haftungsausschluss (Disclaimer)<\/h1>\n<p><strong>Haftung f\u00fcr Inhalte<\/strong><\/p>\n<p>Als Diensteanbieter sind wir gem\u00e4\u00df \u00a7 7 Abs.1 TMG f\u00fcr eigene Inhalte auf diesen Seiten nach den allgemeinen Gesetzen verantwortlich. Nach \u00a7\u00a7 8 bis 10 TMG sind wir als Diensteanbieter jedoch nicht verpflichtet, \u00fcbermittelte oder gespeicherte fremde Informationen zu \u00fcberwachen oder nach Umst\u00e4nden zu forschen, die auf eine rechtswidrige T\u00e4tigkeit hinweisen. Verpflichtungen zur Entfernung oder Sperrung der Nutzung von Informationen nach den allgemeinen Gesetzen bleiben hiervon unber\u00fchrt. Eine diesbez\u00fcgliche Haftung ist jedoch erst ab dem Zeitpunkt der Kenntnis einer konkreten Rechtsverletzung m\u00f6glich. Bei Bekanntwerden von entsprechenden Rechtsverletzungen werden wir diese Inhalte umgehend entfernen.<\/p>\n<p><strong>Haftung f\u00fcr Links<\/strong><\/p>\n<p>Unser Angebot enth\u00e4lt Links zu externen Webseiten Dritter, auf deren Inhalte wir keinen Einfluss haben. Deshalb k\u00f6nnen wir f\u00fcr diese fremden Inhalte auch keine Gew\u00e4hr \u00fcbernehmen. F\u00fcr die Inhalte der verlinkten Seiten ist stets der jeweilige Anbieter oder Betreiber der Seiten verantwortlich. Die verlinkten Seiten wurden zum Zeitpunkt der Verlinkung auf m\u00f6gliche Rechtsverst\u00f6\u00dfe \u00fcberpr\u00fcft. Rechtswidrige Inhalte waren zum Zeitpunkt der Verlinkung nicht erkennbar. Eine permanente inhaltliche Kontrolle der verlinkten Seiten ist jedoch ohne konkrete Anhaltspunkte einer Rechtsverletzung nicht zumutbar. Bei Bekanntwerden von Rechtsverletzungen werden wir derartige Links umgehend entfernen.<\/p>\n<p><strong>Urheberrecht<\/strong><\/p>\n<p>Die durch die Seitenbetreiber erstellten Inhalte und Werke auf diesen Seiten unterliegen dem deutschen Urheberrecht. Die Vervielf\u00e4ltigung, Bearbeitung, Verbreitung und jede Art der Verwertung au\u00dferhalb der Grenzen des Urheberrechtes bed\u00fcrfen der schriftlichen Zustimmung des jeweiligen Autors bzw. Erstellers. Downloads und Kopien dieser Seite sind nur f\u00fcr den privaten, nicht kommerziellen Gebrauch gestattet. Soweit die Inhalte auf dieser Seite nicht vom Betreiber erstellt wurden, werden die Urheberrechte Dritter beachtet. Insbesondere werden Inhalte Dritter als solche gekennzeichnet. Sollten Sie trotzdem auf eine Urheberrechtsverletzung aufmerksam werden, bitten wir um einen entsprechenden Hinweis. Bei Bekanntwerden von Rechtsverletzungen werden wir derartige Inhalte umgehend entfernen.<\/p>\n<\/div>\n<\/div>\n<\/div>\n<\/section>\n<\/div>\n<\/div>\n<footer id=\"footer\">\n<div class=\"inside\">\n<div class=\"autogrid_wrapper block\">\n<div class=\"autogrid one_fourth block\">\u00a0<\/div>\n<\/div>\n<\/div>\n<\/footer><\/div>\n<\/div>\n\n\t\t<\/div>\n\t\t\t\t\t<\/div>\n\n\t\n\n<\/div>\n\n","protected":false},"excerpt":{"rendered":"","protected":false},"author":1,"featured_media":0,"parent":0,"menu_order":0,"comment_status":"closed","ping_status":"closed","template":"page-blank.php","meta":{"footnotes":""},"class_list":["post-269","page","type-page","status-publish","hentry"],"jetpack_sharing_enabled":true,"_links":{"self":[{"href":"https:\/\/www.findyourcorals.de\/index.php?rest_route=\/wp\/v2\/pages\/269","targetHints":{"allow":["GET"]}}],"collection":[{"href":"https:\/\/www.findyourcorals.de\/index.php?rest_route=\/wp\/v2\/pages"}],"about":[{"href":"https:\/\/www.findyourcorals.de\/index.php?rest_route=\/wp\/v2\/types\/page"}],"author":[{"embeddable":true,"href":"https:\/\/www.findyourcorals.de\/index.php?rest_route=\/wp\/v2\/users\/1"}],"replies":[{"embeddable":true,"href":"https:\/\/www.findyourcorals.de\/index.php?rest_route=%2Fwp%2Fv2%2Fcomments&post=269"}],"version-history":[{"count":7,"href":"https:\/\/www.findyourcorals.de\/index.php?rest_route=\/wp\/v2\/pages\/269\/revisions"}],"predecessor-version":[{"id":2587,"href":"https:\/\/www.findyourcorals.de\/index.php?rest_route=\/wp\/v2\/pages\/269\/revisions\/2587"}],"wp:attachment":[{"href":"https:\/\/www.findyourcorals.de\/index.php?rest_route=%2Fwp%2Fv2%2Fmedia&parent=269"}],"curies":[{"name":"wp","href":"https:\/\/api.w.org\/{rel}","templated":true}]}}