{"id":2562,"date":"2021-11-01T22:48:17","date_gmt":"2021-11-01T21:48:17","guid":{"rendered":"https:\/\/www.findyourcorals.de\/?page_id=2562"},"modified":"2021-11-01T23:11:11","modified_gmt":"2021-11-01T22:11:11","slug":"gallerie-2","status":"publish","type":"page","link":"https:\/\/www.findyourcorals.de\/?page_id=2562","title":{"rendered":"GALLERIE"},"content":{"rendered":"\n\n  <div class=\"banner has-hover\" id=\"banner-504984338\">\n          <div class=\"banner-inner fill\">\n        <div class=\"banner-bg fill\" >\n            <div class=\"bg fill bg-fill \"><\/div>\n                        <div class=\"overlay\"><\/div>            \n                    <\/div>\n\t\t\n        <div class=\"banner-layers container\">\n            <div class=\"fill banner-link\"><\/div>            \n\n   <div id=\"text-box-1607108598\" class=\"text-box banner-layer x5 md-x5 lg-x5 y50 md-y50 lg-y50 res-text\">\n                                <div class=\"text-box-content text dark\">\n              \n              <div class=\"text-inner text-left\">\n                  \n\n<h1 class=\"attribute ce_headline headline\"><strong>GALLERIE<\/strong><\/h1>\n<h1><span style=\"font-size: 75%;\">Hier einige sch\u00f6ne Tiere von uns&#8230;<\/span><\/h1>\n\n              <\/div>\n           <\/div>\n                            \n<style>\n#text-box-1607108598 {\n  width: 60%;\n}\n#text-box-1607108598 .text-box-content {\n  font-size: 100%;\n}\n@media (min-width:550px) {\n  #text-box-1607108598 {\n    width: 40%;\n  }\n}\n<\/style>\n    <\/div>\n \n\n        <\/div>\n      <\/div>\n\n            \n<style>\n#banner-504984338 {\n  padding-top: 484px;\n}\n#banner-504984338 .bg.bg-loaded {\n  background-image: url(https:\/\/www.findyourcorals.de\/wp-content\/uploads\/2021\/11\/findyourcoral_28-05-2021_042-7b869810.jpg);\n}\n#banner-504984338 .overlay {\n  background-color: rgba(0, 0, 0, 0.31);\n}\n<\/style>\n  <\/div>\n\n\n<div class=\"row row-large\"  id=\"row-1628519759\">\n\n\n\t<div id=\"col-1861518678\" class=\"col small-12 large-12\"  >\n\t\t\t\t<div class=\"col-inner\"  >\n\t\t\t\n\t\t\t\n\n<h2><strong>Sie m\u00f6chten kein Aquarium von der Stange?<\/strong><\/h2>\n<p>Sondern m\u00f6chten ein Aquarium nach Ma\u00df oder ein Unikat? Das ganze auch noch in guter Qualit\u00e4t? Dann rufen Sie uns an oder schreiben uns eine E-Mail.\u00a0<\/p>\n<p>Wir beraten Sie gerne und nehmen gerne Ihre W\u00fcnsche auf und bringen Ihre Ideen schnell zu Papier, damit ihr Traumaquarium so schnell wie m\u00f6glich realisiert wird. Wir entwerfen ein Konzept f\u00fcr Sie damit Ihr Traum bald wahr wird. Wir freuen uns auf Ihre Ideen und hei\u00dfen Sie herzlich willkommen.<\/p>\n\n\t\t<\/div>\n\t\t\t\t\t<\/div>\n\n\t\n\n<\/div>\n<div class=\"row row-small\"  id=\"row-170645953\">\n\n\n\t<div id=\"col-1168496272\" class=\"col medium-3 small-6 large-3\"  >\n\t\t\t\t<div class=\"col-inner\"  >\n\t\t\t\n\t\t\t\n\n\t<div class=\"img has-hover x md-x lg-x y md-y lg-y\" id=\"image_447585392\">\n\t\t\t\t\t\t\t\t<div class=\"img-inner image-cover dark\" style=\"padding-top:313px;\">\n\t\t\t<img fetchpriority=\"high\" decoding=\"async\" width=\"904\" height=\"680\" src=\"https:\/\/www.findyourcorals.de\/wp-content\/uploads\/2021\/10\/findyourcoral_28-10-2021_0112.jpg\" class=\"attachment-large size-large\" alt=\"\" srcset=\"https:\/\/www.findyourcorals.de\/wp-content\/uploads\/2021\/10\/findyourcoral_28-10-2021_0112.jpg 904w, https:\/\/www.findyourcorals.de\/wp-content\/uploads\/2021\/10\/findyourcoral_28-10-2021_0112-700x527.jpg 700w, https:\/\/www.findyourcorals.de\/wp-content\/uploads\/2021\/10\/findyourcoral_28-10-2021_0112-532x400.jpg 532w, https:\/\/www.findyourcorals.de\/wp-content\/uploads\/2021\/10\/findyourcoral_28-10-2021_0112-768x578.jpg 768w, https:\/\/www.findyourcorals.de\/wp-content\/uploads\/2021\/10\/findyourcoral_28-10-2021_0112-100x75.jpg 100w\" sizes=\"(max-width: 904px) 100vw, 904px\" \/>\t\t\t\t\t\t\n\t\t\t\t\t<\/div>\n\t\t\t\t\t\t\t\t\n<style>\n#image_447585392 {\n  width: 100%;\n}\n<\/style>\n\t<\/div>\n\t\n\n\n\t\t<\/div>\n\t\t\t\t\t<\/div>\n\n\t\n\n\t<div id=\"col-393630771\" class=\"col medium-3 small-6 large-3\"  >\n\t\t\t\t<div class=\"col-inner\"  >\n\t\t\t\n\t\t\t\n\n\t<div class=\"img has-hover x md-x lg-x y md-y lg-y\" id=\"image_455578799\">\n\t\t\t\t\t\t\t\t<div class=\"img-inner dark\" >\n\t\t\t<img decoding=\"async\" width=\"750\" height=\"750\" src=\"https:\/\/www.findyourcorals.de\/wp-content\/uploads\/2021\/11\/findyourcoral_28-05-2021_042-7b869810.jpg\" class=\"attachment-large size-large\" alt=\"\" srcset=\"https:\/\/www.findyourcorals.de\/wp-content\/uploads\/2021\/11\/findyourcoral_28-05-2021_042-7b869810.jpg 750w, https:\/\/www.findyourcorals.de\/wp-content\/uploads\/2021\/11\/findyourcoral_28-05-2021_042-7b869810-250x250.jpg 250w, https:\/\/www.findyourcorals.de\/wp-content\/uploads\/2021\/11\/findyourcoral_28-05-2021_042-7b869810-100x100.jpg 100w, https:\/\/www.findyourcorals.de\/wp-content\/uploads\/2021\/11\/findyourcoral_28-05-2021_042-7b869810-700x700.jpg 700w, https:\/\/www.findyourcorals.de\/wp-content\/uploads\/2021\/11\/findyourcoral_28-05-2021_042-7b869810-400x400.jpg 400w, https:\/\/www.findyourcorals.de\/wp-content\/uploads\/2021\/11\/findyourcoral_28-05-2021_042-7b869810-280x280.jpg 280w\" sizes=\"(max-width: 750px) 100vw, 750px\" \/>\t\t\t\t\t\t\n\t\t\t\t\t<\/div>\n\t\t\t\t\t\t\t\t\n<style>\n#image_455578799 {\n  width: 100%;\n}\n<\/style>\n\t<\/div>\n\t\n\n\n\t\t<\/div>\n\t\t\t\t\t<\/div>\n\n\t\n\n\t<div id=\"col-892397021\" class=\"col medium-3 small-6 large-3\"  >\n\t\t\t\t<div class=\"col-inner\"  >\n\t\t\t\n\t\t\t\n\n\t<div class=\"img has-hover x md-x lg-x y md-y lg-y\" id=\"image_25417447\">\n\t\t\t\t\t\t\t\t<div class=\"img-inner dark\" >\n\t\t\t<img decoding=\"async\" width=\"750\" height=\"750\" src=\"https:\/\/www.findyourcorals.de\/wp-content\/uploads\/2021\/10\/findyourcoral_koralle_31-07_0016-9d57274f.jpg\" class=\"attachment-large size-large\" alt=\"\" srcset=\"https:\/\/www.findyourcorals.de\/wp-content\/uploads\/2021\/10\/findyourcoral_koralle_31-07_0016-9d57274f.jpg 750w, https:\/\/www.findyourcorals.de\/wp-content\/uploads\/2021\/10\/findyourcoral_koralle_31-07_0016-9d57274f-250x250.jpg 250w, https:\/\/www.findyourcorals.de\/wp-content\/uploads\/2021\/10\/findyourcoral_koralle_31-07_0016-9d57274f-100x100.jpg 100w, https:\/\/www.findyourcorals.de\/wp-content\/uploads\/2021\/10\/findyourcoral_koralle_31-07_0016-9d57274f-700x700.jpg 700w, https:\/\/www.findyourcorals.de\/wp-content\/uploads\/2021\/10\/findyourcoral_koralle_31-07_0016-9d57274f-400x400.jpg 400w, https:\/\/www.findyourcorals.de\/wp-content\/uploads\/2021\/10\/findyourcoral_koralle_31-07_0016-9d57274f-280x280.jpg 280w\" sizes=\"(max-width: 750px) 100vw, 750px\" \/>\t\t\t\t\t\t\n\t\t\t\t\t<\/div>\n\t\t\t\t\t\t\t\t\n<style>\n#image_25417447 {\n  width: 100%;\n}\n<\/style>\n\t<\/div>\n\t\n\n\n\t\t<\/div>\n\t\t\t\t\t<\/div>\n\n\t\n\n\t<div id=\"col-724021682\" class=\"col medium-3 small-6 large-3\"  >\n\t\t\t\t<div class=\"col-inner\"  >\n\t\t\t\n\t\t\t\n\n\t<div class=\"img has-hover x md-x lg-x y md-y lg-y\" id=\"image_388703774\">\n\t\t\t\t\t\t\t\t<div class=\"img-inner dark\" >\n\t\t\t<img loading=\"lazy\" decoding=\"async\" width=\"800\" height=\"800\" src=\"https:\/\/www.findyourcorals.de\/wp-content\/uploads\/2021\/10\/findyourcoral_28-10-2021_0114-800x800.jpg\" class=\"attachment-large size-large\" alt=\"\" srcset=\"https:\/\/www.findyourcorals.de\/wp-content\/uploads\/2021\/10\/findyourcoral_28-10-2021_0114-800x800.jpg 800w, https:\/\/www.findyourcorals.de\/wp-content\/uploads\/2021\/10\/findyourcoral_28-10-2021_0114-250x250.jpg 250w, https:\/\/www.findyourcorals.de\/wp-content\/uploads\/2021\/10\/findyourcoral_28-10-2021_0114-100x100.jpg 100w, https:\/\/www.findyourcorals.de\/wp-content\/uploads\/2021\/10\/findyourcoral_28-10-2021_0114-700x700.jpg 700w, https:\/\/www.findyourcorals.de\/wp-content\/uploads\/2021\/10\/findyourcoral_28-10-2021_0114-400x400.jpg 400w, https:\/\/www.findyourcorals.de\/wp-content\/uploads\/2021\/10\/findyourcoral_28-10-2021_0114-280x280.jpg 280w, https:\/\/www.findyourcorals.de\/wp-content\/uploads\/2021\/10\/findyourcoral_28-10-2021_0114-768x768.jpg 768w, https:\/\/www.findyourcorals.de\/wp-content\/uploads\/2021\/10\/findyourcoral_28-10-2021_0114.jpg 1200w\" sizes=\"(max-width: 800px) 100vw, 800px\" \/>\t\t\t\t\t\t\n\t\t\t\t\t<\/div>\n\t\t\t\t\t\t\t\t\n<style>\n#image_388703774 {\n  width: 100%;\n}\n<\/style>\n\t<\/div>\n\t\n\n\n\t\t<\/div>\n\t\t\t\t\t<\/div>\n\n\t\n\n<\/div>\n\n","protected":false},"excerpt":{"rendered":"","protected":false},"author":1,"featured_media":0,"parent":0,"menu_order":0,"comment_status":"closed","ping_status":"closed","template":"page-blank.php","meta":{"footnotes":""},"class_list":["post-2562","page","type-page","status-publish","hentry"],"jetpack_sharing_enabled":true,"_links":{"self":[{"href":"https:\/\/www.findyourcorals.de\/index.php?rest_route=\/wp\/v2\/pages\/2562","targetHints":{"allow":["GET"]}}],"collection":[{"href":"https:\/\/www.findyourcorals.de\/index.php?rest_route=\/wp\/v2\/pages"}],"about":[{"href":"https:\/\/www.findyourcorals.de\/index.php?rest_route=\/wp\/v2\/types\/page"}],"author":[{"embeddable":true,"href":"https:\/\/www.findyourcorals.de\/index.php?rest_route=\/wp\/v2\/users\/1"}],"replies":[{"embeddable":true,"href":"https:\/\/www.findyourcorals.de\/index.php?rest_route=%2Fwp%2Fv2%2Fcomments&post=2562"}],"version-history":[{"count":7,"href":"https:\/\/www.findyourcorals.de\/index.php?rest_route=\/wp\/v2\/pages\/2562\/revisions"}],"predecessor-version":[{"id":2569,"href":"https:\/\/www.findyourcorals.de\/index.php?rest_route=\/wp\/v2\/pages\/2562\/revisions\/2569"}],"wp:attachment":[{"href":"https:\/\/www.findyourcorals.de\/index.php?rest_route=%2Fwp%2Fv2%2Fmedia&parent=2562"}],"curies":[{"name":"wp","href":"https:\/\/api.w.org\/{rel}","templated":true}]}}