{"id":2116,"date":"2021-10-10T16:58:15","date_gmt":"2021-10-10T14:58:15","guid":{"rendered":"https:\/\/www.findyourcorals.de\/?page_id=2116"},"modified":"2021-11-01T22:42:47","modified_gmt":"2021-11-01T21:42:47","slug":"aquariumbau-2","status":"publish","type":"page","link":"https:\/\/www.findyourcorals.de\/?page_id=2116","title":{"rendered":"AQUARIUMBAU"},"content":{"rendered":"\n\n  <div class=\"banner has-hover\" id=\"banner-1603247345\">\n          <div class=\"banner-inner fill\">\n        <div class=\"banner-bg fill\" >\n            <div class=\"bg fill bg-fill \"><\/div>\n                        <div class=\"overlay\"><\/div>            \n                    <\/div>\n\t\t\n        <div class=\"banner-layers container\">\n            <div class=\"fill banner-link\"><\/div>            \n\n   <div id=\"text-box-1123321849\" class=\"text-box banner-layer x5 md-x5 lg-x5 y50 md-y50 lg-y50 res-text\">\n                                <div class=\"text-box-content text dark\">\n              \n              <div class=\"text-inner text-left\">\n                  \n\n<h1 class=\"attribute ce_headline headline\"><strong>Aquariumbau<\/strong><\/h1>\n<h1><span style=\"font-size: 75%;\">Wir entwerfen Ihr Traum Aquarium<\/span><\/h1>\n\n              <\/div>\n           <\/div>\n                            \n<style>\n#text-box-1123321849 {\n  width: 60%;\n}\n#text-box-1123321849 .text-box-content {\n  font-size: 100%;\n}\n@media (min-width:550px) {\n  #text-box-1123321849 {\n    width: 40%;\n  }\n}\n<\/style>\n    <\/div>\n \n\n        <\/div>\n      <\/div>\n\n            \n<style>\n#banner-1603247345 {\n  padding-top: 549px;\n}\n#banner-1603247345 .bg.bg-loaded {\n  background-image: url(https:\/\/www.findyourcorals.de\/wp-content\/uploads\/2021\/11\/findyourcoral_Aquarium-1000x800.jpg);\n}\n#banner-1603247345 .overlay {\n  background-color: rgba(0, 0, 0, 0.31);\n}\n<\/style>\n  <\/div>\n\n\n<div class=\"row row-large\"  id=\"row-1654723914\">\n\n\n\t<div id=\"col-271693012\" class=\"col small-12 large-12\"  >\n\t\t\t\t<div class=\"col-inner\"  >\n\t\t\t\n\t\t\t\n\n<h2><strong>Sie m\u00f6chten kein Aquarium von der Stange?<\/strong><\/h2>\n<p>Sondern m\u00f6chten ein Aquarium nach Ma\u00df oder ein Unikat? Das ganze auch noch in guter Qualit\u00e4t? Dann rufen Sie uns an oder schreiben uns eine E-Mail.\u00a0<\/p>\n<p>Wir beraten Sie gerne und nehmen gerne Ihre W\u00fcnsche auf und bringen Ihre Ideen schnell zu Papier, damit ihr Traumaquarium so schnell wie m\u00f6glich realisiert wird. Wir entwerfen ein Konzept f\u00fcr Sie damit Ihr Traum bald wahr wird. Wir freuen uns auf Ihre Ideen und hei\u00dfen Sie herzlich willkommen.<\/p>\n\n\t\t<\/div>\n\t\t\t\t\t<\/div>\n\n\t\n\n<\/div>\n\t<section class=\"section\" id=\"section_1005920630\">\n\t\t<div class=\"bg section-bg fill bg-fill  bg-loaded\" >\n\n\t\t\t\n\t\t\t\n\t\t\t\n\n\t\t<\/div>\n\n\t\t\n\n\t\t<div class=\"section-content relative\">\n\t\t\t\n\n<div class=\"row row-box-shadow-3 row-box-shadow-5-hover\"  id=\"row-1821403028\">\n\n\n\t<div id=\"col-1762041348\" class=\"col medium-4 small-12 large-4\"  >\n\t\t\t\t<div class=\"col-inner\"  >\n\t\t\t\n\t\t\t\n\n\t<div class=\"img has-hover x md-x lg-x y md-y lg-y\" id=\"image_369549939\">\n\t\t\t\t\t\t\t\t<div class=\"img-inner dark\" >\n\t\t\t<img fetchpriority=\"high\" decoding=\"async\" width=\"1000\" height=\"800\" src=\"https:\/\/www.findyourcorals.de\/wp-content\/uploads\/2021\/11\/findyourcoral_Aquarium-1000x800.jpg\" class=\"attachment-large size-large\" alt=\"\" srcset=\"https:\/\/www.findyourcorals.de\/wp-content\/uploads\/2021\/11\/findyourcoral_Aquarium-1000x800.jpg 1000w, https:\/\/www.findyourcorals.de\/wp-content\/uploads\/2021\/11\/findyourcoral_Aquarium-700x560.jpg 700w, https:\/\/www.findyourcorals.de\/wp-content\/uploads\/2021\/11\/findyourcoral_Aquarium-500x400.jpg 500w, https:\/\/www.findyourcorals.de\/wp-content\/uploads\/2021\/11\/findyourcoral_Aquarium-768x614.jpg 768w, https:\/\/www.findyourcorals.de\/wp-content\/uploads\/2021\/11\/findyourcoral_Aquarium-1320x1056.jpg 1320w, https:\/\/www.findyourcorals.de\/wp-content\/uploads\/2021\/11\/findyourcoral_Aquarium-100x80.jpg 100w, https:\/\/www.findyourcorals.de\/wp-content\/uploads\/2021\/11\/findyourcoral_Aquarium.jpg 1500w\" sizes=\"(max-width: 1000px) 100vw, 1000px\" \/>\t\t\t\t\t\t\n\t\t\t\t\t<\/div>\n\t\t\t\t\t\t\t\t\n<style>\n#image_369549939 {\n  width: 100%;\n}\n<\/style>\n\t<\/div>\n\t\n\n\n\t\t<\/div>\n\t\t\t\t\t<\/div>\n\n\t\n\n\t<div id=\"col-289778126\" class=\"col medium-4 small-12 large-4\"  >\n\t\t\t\t<div class=\"col-inner\"  >\n\t\t\t\n\t\t\t\n\n\t<div class=\"img has-hover x md-x lg-x y md-y lg-y\" id=\"image_1089368172\">\n\t\t\t\t\t\t\t\t<div class=\"img-inner dark\" >\n\t\t\t<img decoding=\"async\" width=\"1000\" height=\"800\" src=\"https:\/\/www.findyourcorals.de\/wp-content\/uploads\/2021\/11\/findyourcoral_Aquarium_2-1000x800.jpg\" class=\"attachment-large size-large\" alt=\"\" srcset=\"https:\/\/www.findyourcorals.de\/wp-content\/uploads\/2021\/11\/findyourcoral_Aquarium_2-1000x800.jpg 1000w, https:\/\/www.findyourcorals.de\/wp-content\/uploads\/2021\/11\/findyourcoral_Aquarium_2-700x560.jpg 700w, https:\/\/www.findyourcorals.de\/wp-content\/uploads\/2021\/11\/findyourcoral_Aquarium_2-500x400.jpg 500w, https:\/\/www.findyourcorals.de\/wp-content\/uploads\/2021\/11\/findyourcoral_Aquarium_2-768x614.jpg 768w, https:\/\/www.findyourcorals.de\/wp-content\/uploads\/2021\/11\/findyourcoral_Aquarium_2-1320x1056.jpg 1320w, https:\/\/www.findyourcorals.de\/wp-content\/uploads\/2021\/11\/findyourcoral_Aquarium_2-100x80.jpg 100w, https:\/\/www.findyourcorals.de\/wp-content\/uploads\/2021\/11\/findyourcoral_Aquarium_2.jpg 1500w\" sizes=\"(max-width: 1000px) 100vw, 1000px\" \/>\t\t\t\t\t\t\n\t\t\t\t\t<\/div>\n\t\t\t\t\t\t\t\t\n<style>\n#image_1089368172 {\n  width: 100%;\n}\n<\/style>\n\t<\/div>\n\t\n\n\n\t\t<\/div>\n\t\t\t\t\t<\/div>\n\n\t\n\n\t<div id=\"col-744632388\" class=\"col medium-4 small-12 large-4\"  >\n\t\t\t\t<div class=\"col-inner\"  >\n\t\t\t\n\t\t\t\n\n\t<div class=\"img has-hover x md-x lg-x y md-y lg-y\" id=\"image_1676411218\">\n\t\t\t\t\t\t\t\t<div class=\"img-inner dark\" >\n\t\t\t<img decoding=\"async\" width=\"1000\" height=\"800\" src=\"https:\/\/www.findyourcorals.de\/wp-content\/uploads\/2021\/11\/findyourcoral_Aquarium_3-1000x800.jpg\" class=\"attachment-large size-large\" alt=\"\" srcset=\"https:\/\/www.findyourcorals.de\/wp-content\/uploads\/2021\/11\/findyourcoral_Aquarium_3-1000x800.jpg 1000w, https:\/\/www.findyourcorals.de\/wp-content\/uploads\/2021\/11\/findyourcoral_Aquarium_3-700x560.jpg 700w, https:\/\/www.findyourcorals.de\/wp-content\/uploads\/2021\/11\/findyourcoral_Aquarium_3-500x400.jpg 500w, https:\/\/www.findyourcorals.de\/wp-content\/uploads\/2021\/11\/findyourcoral_Aquarium_3-768x614.jpg 768w, https:\/\/www.findyourcorals.de\/wp-content\/uploads\/2021\/11\/findyourcoral_Aquarium_3-1320x1056.jpg 1320w, https:\/\/www.findyourcorals.de\/wp-content\/uploads\/2021\/11\/findyourcoral_Aquarium_3-100x80.jpg 100w, https:\/\/www.findyourcorals.de\/wp-content\/uploads\/2021\/11\/findyourcoral_Aquarium_3.jpg 1500w\" sizes=\"(max-width: 1000px) 100vw, 1000px\" \/>\t\t\t\t\t\t\n\t\t\t\t\t<\/div>\n\t\t\t\t\t\t\t\t\n<style>\n#image_1676411218 {\n  width: 100%;\n}\n<\/style>\n\t<\/div>\n\t\n\n\n\t\t<\/div>\n\t\t\t\t\t<\/div>\n\n\t\n\n<\/div>\n<div class=\"row row-box-shadow-3 row-box-shadow-5-hover\"  id=\"row-2016653886\">\n\n\n\t<div id=\"col-388704329\" class=\"col medium-4 small-12 large-4\"  >\n\t\t\t\t<div class=\"col-inner\"  >\n\t\t\t\n\t\t\t\n\n\t<div class=\"img has-hover x md-x lg-x y md-y lg-y\" id=\"image_458010018\">\n\t\t\t\t\t\t\t\t<div class=\"img-inner dark\" >\n\t\t\t<img loading=\"lazy\" decoding=\"async\" width=\"1000\" height=\"800\" src=\"https:\/\/www.findyourcorals.de\/wp-content\/uploads\/2021\/11\/findyourcoral_Aquarium_4-1000x800.jpg\" class=\"attachment-large size-large\" alt=\"\" srcset=\"https:\/\/www.findyourcorals.de\/wp-content\/uploads\/2021\/11\/findyourcoral_Aquarium_4-1000x800.jpg 1000w, https:\/\/www.findyourcorals.de\/wp-content\/uploads\/2021\/11\/findyourcoral_Aquarium_4-700x560.jpg 700w, https:\/\/www.findyourcorals.de\/wp-content\/uploads\/2021\/11\/findyourcoral_Aquarium_4-500x400.jpg 500w, https:\/\/www.findyourcorals.de\/wp-content\/uploads\/2021\/11\/findyourcoral_Aquarium_4-768x614.jpg 768w, https:\/\/www.findyourcorals.de\/wp-content\/uploads\/2021\/11\/findyourcoral_Aquarium_4-1320x1056.jpg 1320w, https:\/\/www.findyourcorals.de\/wp-content\/uploads\/2021\/11\/findyourcoral_Aquarium_4-100x80.jpg 100w, https:\/\/www.findyourcorals.de\/wp-content\/uploads\/2021\/11\/findyourcoral_Aquarium_4.jpg 1500w\" sizes=\"(max-width: 1000px) 100vw, 1000px\" \/>\t\t\t\t\t\t\n\t\t\t\t\t<\/div>\n\t\t\t\t\t\t\t\t\n<style>\n#image_458010018 {\n  width: 100%;\n}\n<\/style>\n\t<\/div>\n\t\n\n\n\t\t<\/div>\n\t\t\t\t\t<\/div>\n\n\t\n\n\t<div id=\"col-1794491891\" class=\"col medium-4 small-12 large-4\"  >\n\t\t\t\t<div class=\"col-inner\"  >\n\t\t\t\n\t\t\t\n\n\t<div class=\"img has-hover x md-x lg-x y md-y lg-y\" id=\"image_602409283\">\n\t\t\t\t\t\t\t\t<div class=\"img-inner dark\" >\n\t\t\t<img loading=\"lazy\" decoding=\"async\" width=\"1000\" height=\"800\" src=\"https:\/\/www.findyourcorals.de\/wp-content\/uploads\/2021\/11\/findyourcoral_Aquarium_5-1000x800.jpg\" class=\"attachment-large size-large\" alt=\"\" srcset=\"https:\/\/www.findyourcorals.de\/wp-content\/uploads\/2021\/11\/findyourcoral_Aquarium_5-1000x800.jpg 1000w, https:\/\/www.findyourcorals.de\/wp-content\/uploads\/2021\/11\/findyourcoral_Aquarium_5-700x560.jpg 700w, https:\/\/www.findyourcorals.de\/wp-content\/uploads\/2021\/11\/findyourcoral_Aquarium_5-500x400.jpg 500w, https:\/\/www.findyourcorals.de\/wp-content\/uploads\/2021\/11\/findyourcoral_Aquarium_5-768x614.jpg 768w, https:\/\/www.findyourcorals.de\/wp-content\/uploads\/2021\/11\/findyourcoral_Aquarium_5-1320x1056.jpg 1320w, https:\/\/www.findyourcorals.de\/wp-content\/uploads\/2021\/11\/findyourcoral_Aquarium_5-100x80.jpg 100w, https:\/\/www.findyourcorals.de\/wp-content\/uploads\/2021\/11\/findyourcoral_Aquarium_5.jpg 1500w\" sizes=\"(max-width: 1000px) 100vw, 1000px\" \/>\t\t\t\t\t\t\n\t\t\t\t\t<\/div>\n\t\t\t\t\t\t\t\t\n<style>\n#image_602409283 {\n  width: 100%;\n}\n<\/style>\n\t<\/div>\n\t\n\n\n\t\t<\/div>\n\t\t\t\t\t<\/div>\n\n\t\n\n\t<div id=\"col-862296205\" class=\"col medium-4 small-12 large-4\"  >\n\t\t\t\t<div class=\"col-inner\"  >\n\t\t\t\n\t\t\t\n\n\t<div class=\"img has-hover x md-x lg-x y md-y lg-y\" id=\"image_1791143589\">\n\t\t\t\t\t\t\t\t<div class=\"img-inner dark\" >\n\t\t\t<img loading=\"lazy\" decoding=\"async\" width=\"1000\" height=\"800\" src=\"https:\/\/www.findyourcorals.de\/wp-content\/uploads\/2021\/11\/findyourcoral_Aquarium_6-1000x800.jpg\" class=\"attachment-large size-large\" alt=\"\" srcset=\"https:\/\/www.findyourcorals.de\/wp-content\/uploads\/2021\/11\/findyourcoral_Aquarium_6-1000x800.jpg 1000w, https:\/\/www.findyourcorals.de\/wp-content\/uploads\/2021\/11\/findyourcoral_Aquarium_6-700x560.jpg 700w, https:\/\/www.findyourcorals.de\/wp-content\/uploads\/2021\/11\/findyourcoral_Aquarium_6-500x400.jpg 500w, https:\/\/www.findyourcorals.de\/wp-content\/uploads\/2021\/11\/findyourcoral_Aquarium_6-768x614.jpg 768w, https:\/\/www.findyourcorals.de\/wp-content\/uploads\/2021\/11\/findyourcoral_Aquarium_6-1320x1056.jpg 1320w, https:\/\/www.findyourcorals.de\/wp-content\/uploads\/2021\/11\/findyourcoral_Aquarium_6-100x80.jpg 100w, https:\/\/www.findyourcorals.de\/wp-content\/uploads\/2021\/11\/findyourcoral_Aquarium_6.jpg 1500w\" sizes=\"(max-width: 1000px) 100vw, 1000px\" \/>\t\t\t\t\t\t\n\t\t\t\t\t<\/div>\n\t\t\t\t\t\t\t\t\n<style>\n#image_1791143589 {\n  width: 100%;\n}\n<\/style>\n\t<\/div>\n\t\n\n\n\t\t<\/div>\n\t\t\t\t\t<\/div>\n\n\t\n\n<\/div>\n<div class=\"row row-box-shadow-3 row-box-shadow-5-hover\"  id=\"row-145448207\">\n\n\n\t<div id=\"col-1768495100\" class=\"col medium-4 small-12 large-4\"  >\n\t\t\t\t<div class=\"col-inner\"  >\n\t\t\t\n\t\t\t\n\n\t<div class=\"img has-hover x md-x lg-x y md-y lg-y\" id=\"image_986426387\">\n\t\t\t\t\t\t\t\t<div class=\"img-inner dark\" >\n\t\t\t<img loading=\"lazy\" decoding=\"async\" width=\"1000\" height=\"800\" src=\"https:\/\/www.findyourcorals.de\/wp-content\/uploads\/2021\/11\/findyourcoral_Aquarium_7-1000x800.jpg\" class=\"attachment-large size-large\" alt=\"\" srcset=\"https:\/\/www.findyourcorals.de\/wp-content\/uploads\/2021\/11\/findyourcoral_Aquarium_7-1000x800.jpg 1000w, https:\/\/www.findyourcorals.de\/wp-content\/uploads\/2021\/11\/findyourcoral_Aquarium_7-700x560.jpg 700w, https:\/\/www.findyourcorals.de\/wp-content\/uploads\/2021\/11\/findyourcoral_Aquarium_7-500x400.jpg 500w, https:\/\/www.findyourcorals.de\/wp-content\/uploads\/2021\/11\/findyourcoral_Aquarium_7-768x614.jpg 768w, https:\/\/www.findyourcorals.de\/wp-content\/uploads\/2021\/11\/findyourcoral_Aquarium_7-1320x1056.jpg 1320w, https:\/\/www.findyourcorals.de\/wp-content\/uploads\/2021\/11\/findyourcoral_Aquarium_7-100x80.jpg 100w, https:\/\/www.findyourcorals.de\/wp-content\/uploads\/2021\/11\/findyourcoral_Aquarium_7.jpg 1500w\" sizes=\"(max-width: 1000px) 100vw, 1000px\" \/>\t\t\t\t\t\t\n\t\t\t\t\t<\/div>\n\t\t\t\t\t\t\t\t\n<style>\n#image_986426387 {\n  width: 100%;\n}\n<\/style>\n\t<\/div>\n\t\n\n\n\t\t<\/div>\n\t\t\t\t\t<\/div>\n\n\t\n\n\t<div id=\"col-792085713\" class=\"col medium-4 small-12 large-4\"  >\n\t\t\t\t<div class=\"col-inner\"  >\n\t\t\t\n\t\t\t\n\n\t<div class=\"img has-hover x md-x lg-x y md-y lg-y\" id=\"image_1358815031\">\n\t\t\t\t\t\t\t\t<div class=\"img-inner dark\" >\n\t\t\t<img loading=\"lazy\" decoding=\"async\" width=\"1000\" height=\"800\" src=\"https:\/\/www.findyourcorals.de\/wp-content\/uploads\/2021\/11\/findyourcoral_Aquarium_8-1000x800.jpg\" class=\"attachment-large size-large\" alt=\"\" srcset=\"https:\/\/www.findyourcorals.de\/wp-content\/uploads\/2021\/11\/findyourcoral_Aquarium_8-1000x800.jpg 1000w, https:\/\/www.findyourcorals.de\/wp-content\/uploads\/2021\/11\/findyourcoral_Aquarium_8-700x560.jpg 700w, https:\/\/www.findyourcorals.de\/wp-content\/uploads\/2021\/11\/findyourcoral_Aquarium_8-500x400.jpg 500w, https:\/\/www.findyourcorals.de\/wp-content\/uploads\/2021\/11\/findyourcoral_Aquarium_8-768x614.jpg 768w, https:\/\/www.findyourcorals.de\/wp-content\/uploads\/2021\/11\/findyourcoral_Aquarium_8-1320x1056.jpg 1320w, https:\/\/www.findyourcorals.de\/wp-content\/uploads\/2021\/11\/findyourcoral_Aquarium_8-100x80.jpg 100w, https:\/\/www.findyourcorals.de\/wp-content\/uploads\/2021\/11\/findyourcoral_Aquarium_8.jpg 1500w\" sizes=\"(max-width: 1000px) 100vw, 1000px\" \/>\t\t\t\t\t\t\n\t\t\t\t\t<\/div>\n\t\t\t\t\t\t\t\t\n<style>\n#image_1358815031 {\n  width: 100%;\n}\n<\/style>\n\t<\/div>\n\t\n\n\n\t\t<\/div>\n\t\t\t\t\t<\/div>\n\n\t\n\n\t<div id=\"col-1372378794\" class=\"col medium-4 small-12 large-4\"  >\n\t\t\t\t<div class=\"col-inner\"  >\n\t\t\t\n\t\t\t\n\n\t<div class=\"img has-hover x md-x lg-x y md-y lg-y\" id=\"image_1811038073\">\n\t\t\t\t\t\t\t\t<div class=\"img-inner dark\" >\n\t\t\t<img loading=\"lazy\" decoding=\"async\" width=\"1000\" height=\"800\" src=\"https:\/\/www.findyourcorals.de\/wp-content\/uploads\/2021\/11\/findyourcoral_Aquarium_9-1000x800.jpg\" class=\"attachment-large size-large\" alt=\"\" srcset=\"https:\/\/www.findyourcorals.de\/wp-content\/uploads\/2021\/11\/findyourcoral_Aquarium_9-1000x800.jpg 1000w, https:\/\/www.findyourcorals.de\/wp-content\/uploads\/2021\/11\/findyourcoral_Aquarium_9-700x560.jpg 700w, https:\/\/www.findyourcorals.de\/wp-content\/uploads\/2021\/11\/findyourcoral_Aquarium_9-500x400.jpg 500w, https:\/\/www.findyourcorals.de\/wp-content\/uploads\/2021\/11\/findyourcoral_Aquarium_9-768x614.jpg 768w, https:\/\/www.findyourcorals.de\/wp-content\/uploads\/2021\/11\/findyourcoral_Aquarium_9-1320x1056.jpg 1320w, https:\/\/www.findyourcorals.de\/wp-content\/uploads\/2021\/11\/findyourcoral_Aquarium_9-100x80.jpg 100w, https:\/\/www.findyourcorals.de\/wp-content\/uploads\/2021\/11\/findyourcoral_Aquarium_9.jpg 1500w\" sizes=\"(max-width: 1000px) 100vw, 1000px\" \/>\t\t\t\t\t\t\n\t\t\t\t\t<\/div>\n\t\t\t\t\t\t\t\t\n<style>\n#image_1811038073 {\n  width: 100%;\n}\n<\/style>\n\t<\/div>\n\t\n\n\n\t\t<\/div>\n\t\t\t\t\t<\/div>\n\n\t\n\n<\/div>\n\n\t\t<\/div>\n\n\t\t\n<style>\n#section_1005920630 {\n  padding-top: 30px;\n  padding-bottom: 30px;\n}\n<\/style>\n\t<\/section>\n\t\n\n","protected":false},"excerpt":{"rendered":"","protected":false},"author":1,"featured_media":0,"parent":0,"menu_order":0,"comment_status":"closed","ping_status":"closed","template":"page-blank.php","meta":{"footnotes":""},"class_list":["post-2116","page","type-page","status-publish","hentry"],"jetpack_sharing_enabled":true,"_links":{"self":[{"href":"https:\/\/www.findyourcorals.de\/index.php?rest_route=\/wp\/v2\/pages\/2116","targetHints":{"allow":["GET"]}}],"collection":[{"href":"https:\/\/www.findyourcorals.de\/index.php?rest_route=\/wp\/v2\/pages"}],"about":[{"href":"https:\/\/www.findyourcorals.de\/index.php?rest_route=\/wp\/v2\/types\/page"}],"author":[{"embeddable":true,"href":"https:\/\/www.findyourcorals.de\/index.php?rest_route=\/wp\/v2\/users\/1"}],"replies":[{"embeddable":true,"href":"https:\/\/www.findyourcorals.de\/index.php?rest_route=%2Fwp%2Fv2%2Fcomments&post=2116"}],"version-history":[{"count":18,"href":"https:\/\/www.findyourcorals.de\/index.php?rest_route=\/wp\/v2\/pages\/2116\/revisions"}],"predecessor-version":[{"id":2561,"href":"https:\/\/www.findyourcorals.de\/index.php?rest_route=\/wp\/v2\/pages\/2116\/revisions\/2561"}],"wp:attachment":[{"href":"https:\/\/www.findyourcorals.de\/index.php?rest_route=%2Fwp%2Fv2%2Fmedia&parent=2116"}],"curies":[{"name":"wp","href":"https:\/\/api.w.org\/{rel}","templated":true}]}}