{"id":2103,"date":"2021-10-09T22:33:05","date_gmt":"2021-10-09T20:33:05","guid":{"rendered":"https:\/\/www.findyourcorals.de\/?page_id=2103"},"modified":"2022-07-12T14:53:12","modified_gmt":"2022-07-12T12:53:12","slug":"reklamation-korallen","status":"publish","type":"page","link":"https:\/\/www.findyourcorals.de\/?page_id=2103","title":{"rendered":"Reklamation Korallen"},"content":{"rendered":"\n\n  <div class=\"banner has-hover\" id=\"banner-373176333\">\n          <div class=\"banner-inner fill\">\n        <div class=\"banner-bg fill\" >\n            <div class=\"bg fill bg-fill \"><\/div>\n                        <div class=\"overlay\"><\/div>            \n                    <\/div>\n\t\t\n        <div class=\"banner-layers container\">\n            <div class=\"fill banner-link\"><\/div>            \n\n   <div id=\"text-box-1663533255\" class=\"text-box banner-layer x5 md-x5 lg-x5 y50 md-y50 lg-y50 res-text\">\n                                <div class=\"text-box-content text dark\">\n              \n              <div class=\"text-inner text-left\">\n                  \n\n<h2 class=\"uppercase\"><strong>REKLAMATION<\/strong><\/h2>\n<h3><span style=\"font-size: 85%;\">Wie du Tiere bei uns reklamierst.<\/span><\/h3>\n<p>\u00a0<\/p>\n\n              <\/div>\n           <\/div>\n                            \n<style>\n#text-box-1663533255 {\n  width: 60%;\n}\n#text-box-1663533255 .text-box-content {\n  font-size: 100%;\n}\n@media (min-width:550px) {\n  #text-box-1663533255 {\n    width: 40%;\n  }\n}\n<\/style>\n    <\/div>\n \n\n        <\/div>\n      <\/div>\n\n            \n<style>\n#banner-373176333 {\n  padding-top: 300px;\n}\n#banner-373176333 .bg.bg-loaded {\n  background-image: url(https:\/\/www.findyourcorals.de\/wp-content\/uploads\/2020\/06\/BG-FYC_18-1106x800.jpg);\n}\n#banner-373176333 .overlay {\n  background-color: rgba(0, 0, 0, 0.31);\n}\n<\/style>\n  <\/div>\n\n\n<div class=\"row row-large\"  id=\"row-879519596\">\n\n\n\t<div id=\"col-478056729\" class=\"col small-12 large-12\"  >\n\t\t\t\t<div class=\"col-inner\"  >\n\t\t\t\n\t\t\t\n\n<p><strong>Reklamationsabwicklung f\u00fcr tot angekommene Tiere innerhalb Deutschlands<\/strong><\/p>\n<p>Tote Tiere m\u00fcssen in den noch verschlossenen Transportt\u00fcten fotografiert werden!<\/p>\n<p>Es muss die komplett verschlossene T\u00fcte zu sehen sein, sowie eine Detailaufnahme des toten Tieres. Bei mehreren toten Tieren senden Sie uns bitte noch mindestens ein Bild von allen toten Tieren gemeinsam.<\/p>\n<p>Reklamationen von toten Tieren m\u00fcssen bis sp\u00e4testens 15 Uhr bei uns per E-Mail eingegangen sein. Beachten Sie bitte, das wir sp\u00e4tere Reklamationen nicht erkennen k\u00f6nnen.<\/p>\n<p>Bei berechtigten Reklamationen erstatten erstatten wir entweder den Kaufpreis des Tieres zur\u00fcck oder legen bei der n\u00e4chsten Bestellung die selbe Art des Tieres dazu, sofern es verf\u00fcgbar ist.<\/p>\n<p>Aufgrund l\u00e4ngeren Transportzeiten k\u00f6nnen wir keine Lebendtierankunft in EU-L\u00e4ndern garantieren.<\/p>\n<p>F\u00fcr Angebote und den Abverkauf erfolgt die Lieferung ebenso auf eigene Gefahr, da es sich um Sonderpreise handelt.<\/p>\n<p>Wenn Sie H\u00e4ndler sind, erfolgt die Lieferung und Versendung auf Ihre Gefahr.<\/p>\n<p>\u00a0<\/p>\n\n\t\t<\/div>\n\t\t\t\t\t<\/div>\n\n\t\n\n<\/div>\n\n","protected":false},"excerpt":{"rendered":"","protected":false},"author":1,"featured_media":0,"parent":0,"menu_order":0,"comment_status":"closed","ping_status":"closed","template":"page-blank.php","meta":{"footnotes":""},"class_list":["post-2103","page","type-page","status-publish","hentry"],"jetpack_sharing_enabled":true,"_links":{"self":[{"href":"https:\/\/www.findyourcorals.de\/index.php?rest_route=\/wp\/v2\/pages\/2103","targetHints":{"allow":["GET"]}}],"collection":[{"href":"https:\/\/www.findyourcorals.de\/index.php?rest_route=\/wp\/v2\/pages"}],"about":[{"href":"https:\/\/www.findyourcorals.de\/index.php?rest_route=\/wp\/v2\/types\/page"}],"author":[{"embeddable":true,"href":"https:\/\/www.findyourcorals.de\/index.php?rest_route=\/wp\/v2\/users\/1"}],"replies":[{"embeddable":true,"href":"https:\/\/www.findyourcorals.de\/index.php?rest_route=%2Fwp%2Fv2%2Fcomments&post=2103"}],"version-history":[{"count":10,"href":"https:\/\/www.findyourcorals.de\/index.php?rest_route=\/wp\/v2\/pages\/2103\/revisions"}],"predecessor-version":[{"id":4928,"href":"https:\/\/www.findyourcorals.de\/index.php?rest_route=\/wp\/v2\/pages\/2103\/revisions\/4928"}],"wp:attachment":[{"href":"https:\/\/www.findyourcorals.de\/index.php?rest_route=%2Fwp%2Fv2%2Fmedia&parent=2103"}],"curies":[{"name":"wp","href":"https:\/\/api.w.org\/{rel}","templated":true}]}}